{"id":2,"date":"2024-06-04T21:22:06","date_gmt":"2024-06-04T21:22:06","guid":{"rendered":"https:\/\/activacomex.cl\/?page_id=2"},"modified":"2024-06-10T16:10:34","modified_gmt":"2024-06-10T16:10:34","slug":"home-page","status":"publish","type":"page","link":"https:\/\/activacomex.cl\/","title":{"rendered":"Inicio"},"content":{"rendered":"\t\t<div data-elementor-type=\"wp-page\" data-elementor-id=\"2\" class=\"elementor elementor-2\" data-elementor-post-type=\"page\">\n\t\t\t\t<div class=\"elementor-element elementor-element-74f964d e-flex e-con-boxed e-con e-parent\" data-id=\"74f964d\" data-element_type=\"container\">\n\t\t\t\t\t<div class=\"e-con-inner\">\n\t\t\t\t<div class=\"elementor-element elementor-element-01ad380 elementor-widget__width-initial animated-slow elementor-invisible elementor-widget elementor-widget-text-editor\" data-id=\"01ad380\" data-element_type=\"widget\" data-settings=\"{&quot;_animation&quot;:&quot;zoomInDown&quot;}\" data-widget_type=\"text-editor.default\">\n\t\t\t\t<div class=\"elementor-widget-container\">\n\t\t\t<style>\/*! elementor - v3.21.0 - 26-05-2024 *\/\n.elementor-widget-text-editor.elementor-drop-cap-view-stacked .elementor-drop-cap{background-color:#69727d;color:#fff}.elementor-widget-text-editor.elementor-drop-cap-view-framed .elementor-drop-cap{color:#69727d;border:3px solid;background-color:transparent}.elementor-widget-text-editor:not(.elementor-drop-cap-view-default) .elementor-drop-cap{margin-top:8px}.elementor-widget-text-editor:not(.elementor-drop-cap-view-default) .elementor-drop-cap-letter{width:1em;height:1em}.elementor-widget-text-editor .elementor-drop-cap{float:left;text-align:center;line-height:1;font-size:50px}.elementor-widget-text-editor .elementor-drop-cap-letter{display:inline-block}<\/style>\t\t\t\t<h6><span style=\"color: #ffffff;\">Bienvenidos a <strong>ACTIVA COMEX<\/strong>, br\u00f3ker y aliado estrat\u00e9gico en la importaci\u00f3n y exportaci\u00f3n de productos chilenos de alta calidad. Con amplia experiencia en facilitaci\u00f3n de importaciones y exportaciones, garantizamos excelencia y eficiencia en cada transacci\u00f3n. No solo una gesti\u00f3n de ventas, acompa\u00f1amos en cada paso del proceso, vinculando a productores con importadores, facilitando la comercializaci\u00f3n de sus productos y representando a las marcas chilenas en los nuevos mercados.<\/span><\/h6>\t\t\t\t\t\t<\/div>\n\t\t\t\t<\/div>\n\t\t\t\t\t<\/div>\n\t\t\t\t<\/div>\n\t\t<div class=\"elementor-element elementor-element-7eb2011 e-flex e-con-boxed e-con e-parent\" data-id=\"7eb2011\" data-element_type=\"container\" data-settings=\"{&quot;background_background&quot;:&quot;classic&quot;}\">\n\t\t\t\t\t<div class=\"e-con-inner\">\n\t\t\t\t\t<\/div>\n\t\t\t\t<\/div>\n\t\t\t\t<\/div>\n\t\t","protected":false},"excerpt":{"rendered":"<p>Bienvenidos a ACTIVA COMEX, br\u00f3ker y aliado estrat\u00e9gico en la importaci\u00f3n y exportaci\u00f3n de productos chilenos de alta calidad. Con [&hellip;]<\/p>\n","protected":false},"author":1,"featured_media":0,"parent":0,"menu_order":0,"comment_status":"closed","ping_status":"closed","template":"","meta":{"site-sidebar-layout":"default","site-content-layout":"","ast-site-content-layout":"","site-content-style":"default","site-sidebar-style":"default","ast-global-header-display":"","ast-banner-title-visibility":"","ast-main-header-display":"","ast-hfb-above-header-display":"","ast-hfb-below-header-display":"","ast-hfb-mobile-header-display":"","site-post-title":"","ast-breadcrumbs-content":"","ast-featured-img":"","footer-sml-layout":"","theme-transparent-header-meta":"","adv-header-id-meta":"","stick-header-meta":"","header-above-stick-meta":"","header-main-stick-meta":"","header-below-stick-meta":"","astra-migrate-meta-layouts":"default","ast-page-background-enabled":"default","ast-page-background-meta":{"desktop":{"background-color":"var(--ast-global-color-4)","background-image":"","background-repeat":"repeat","background-position":"center center","background-size":"auto","background-attachment":"scroll","background-type":"","background-media":"","overlay-type":"","overlay-color":"","overlay-opacity":"","overlay-gradient":""},"tablet":{"background-color":"","background-image":"","background-repeat":"repeat","background-position":"center center","background-size":"auto","background-attachment":"scroll","background-type":"","background-media":"","overlay-type":"","overlay-color":"","overlay-opacity":"","overlay-gradient":""},"mobile":{"background-color":"","background-image":"","background-repeat":"repeat","background-position":"center center","background-size":"auto","background-attachment":"scroll","background-type":"","background-media":"","overlay-type":"","overlay-color":"","overlay-opacity":"","overlay-gradient":""}},"ast-content-background-meta":{"desktop":{"background-color":"var(--ast-global-color-5)","background-image":"","background-repeat":"repeat","background-position":"center center","background-size":"auto","background-attachment":"scroll","background-type":"","background-media":"","overlay-type":"","overlay-color":"","overlay-opacity":"","overlay-gradient":""},"tablet":{"background-color":"var(--ast-global-color-5)","background-image":"","background-repeat":"repeat","background-position":"center center","background-size":"auto","background-attachment":"scroll","background-type":"","background-media":"","overlay-type":"","overlay-color":"","overlay-opacity":"","overlay-gradient":""},"mobile":{"background-color":"var(--ast-global-color-5)","background-image":"","background-repeat":"repeat","background-position":"center center","background-size":"auto","background-attachment":"scroll","background-type":"","background-media":"","overlay-type":"","overlay-color":"","overlay-opacity":"","overlay-gradient":""}},"footnotes":""},"class_list":["post-2","page","type-page","status-publish","hentry"],"yoast_head":"<!-- This site is optimized with the Yoast SEO plugin v25.7 - https:\/\/yoast.com\/wordpress\/plugins\/seo\/ -->\n<title>Inicio - ACTIVA COMEX<\/title>\n<meta name=\"robots\" content=\"index, follow, max-snippet:-1, max-image-preview:large, max-video-preview:-1\" \/>\n<link rel=\"canonical\" href=\"https:\/\/activacomex.cl\/\" \/>\n<meta property=\"og:locale\" content=\"es_ES\" \/>\n<meta property=\"og:type\" content=\"article\" \/>\n<meta property=\"og:title\" content=\"Inicio - ACTIVA COMEX\" \/>\n<meta property=\"og:description\" content=\"Bienvenidos a ACTIVA COMEX, br\u00f3ker y aliado estrat\u00e9gico en la importaci\u00f3n y exportaci\u00f3n de productos chilenos de alta calidad. Con [&hellip;]\" \/>\n<meta property=\"og:url\" content=\"https:\/\/activacomex.cl\/\" \/>\n<meta property=\"og:site_name\" content=\"ACTIVA COMEX\" \/>\n<meta property=\"article:modified_time\" content=\"2024-06-10T16:10:34+00:00\" \/>\n<meta name=\"twitter:card\" content=\"summary_large_image\" \/>\n<script type=\"application\/ld+json\" class=\"yoast-schema-graph\">{\"@context\":\"https:\/\/schema.org\",\"@graph\":[{\"@type\":\"WebPage\",\"@id\":\"https:\/\/activacomex.cl\/\",\"url\":\"https:\/\/activacomex.cl\/\",\"name\":\"Inicio - ACTIVA COMEX\",\"isPartOf\":{\"@id\":\"https:\/\/activacomex.cl\/#website\"},\"datePublished\":\"2024-06-04T21:22:06+00:00\",\"dateModified\":\"2024-06-10T16:10:34+00:00\",\"breadcrumb\":{\"@id\":\"https:\/\/activacomex.cl\/#breadcrumb\"},\"inLanguage\":\"es\",\"potentialAction\":[{\"@type\":\"ReadAction\",\"target\":[\"https:\/\/activacomex.cl\/\"]}]},{\"@type\":\"BreadcrumbList\",\"@id\":\"https:\/\/activacomex.cl\/#breadcrumb\",\"itemListElement\":[{\"@type\":\"ListItem\",\"position\":1,\"name\":\"Portada\",\"item\":\"https:\/\/activacomex.cl\/\"},{\"@type\":\"ListItem\",\"position\":2,\"name\":\"Inicio\"}]},{\"@type\":\"WebSite\",\"@id\":\"https:\/\/activacomex.cl\/#website\",\"url\":\"https:\/\/activacomex.cl\/\",\"name\":\"ACTIVA COMEX\",\"description\":\"\",\"publisher\":{\"@id\":\"https:\/\/activacomex.cl\/#organization\"},\"potentialAction\":[{\"@type\":\"SearchAction\",\"target\":{\"@type\":\"EntryPoint\",\"urlTemplate\":\"https:\/\/activacomex.cl\/?s={search_term_string}\"},\"query-input\":{\"@type\":\"PropertyValueSpecification\",\"valueRequired\":true,\"valueName\":\"search_term_string\"}}],\"inLanguage\":\"es\"},{\"@type\":\"Organization\",\"@id\":\"https:\/\/activacomex.cl\/#organization\",\"name\":\"ACTIVA COMEX\",\"url\":\"https:\/\/activacomex.cl\/\",\"logo\":{\"@type\":\"ImageObject\",\"inLanguage\":\"es\",\"@id\":\"https:\/\/activacomex.cl\/#\/schema\/logo\/image\/\",\"url\":\"https:\/\/activacomex.cl\/wp-content\/uploads\/2024\/06\/activacomex.jpg\",\"contentUrl\":\"https:\/\/activacomex.cl\/wp-content\/uploads\/2024\/06\/activacomex.jpg\",\"width\":253,\"height\":213,\"caption\":\"ACTIVA COMEX\"},\"image\":{\"@id\":\"https:\/\/activacomex.cl\/#\/schema\/logo\/image\/\"}}]}<\/script>\n<!-- \/ Yoast SEO plugin. -->","yoast_head_json":{"title":"Inicio - ACTIVA COMEX","robots":{"index":"index","follow":"follow","max-snippet":"max-snippet:-1","max-image-preview":"max-image-preview:large","max-video-preview":"max-video-preview:-1"},"canonical":"https:\/\/activacomex.cl\/","og_locale":"es_ES","og_type":"article","og_title":"Inicio - ACTIVA COMEX","og_description":"Bienvenidos a ACTIVA COMEX, br\u00f3ker y aliado estrat\u00e9gico en la importaci\u00f3n y exportaci\u00f3n de productos chilenos de alta calidad. Con [&hellip;]","og_url":"https:\/\/activacomex.cl\/","og_site_name":"ACTIVA COMEX","article_modified_time":"2024-06-10T16:10:34+00:00","twitter_card":"summary_large_image","schema":{"@context":"https:\/\/schema.org","@graph":[{"@type":"WebPage","@id":"https:\/\/activacomex.cl\/","url":"https:\/\/activacomex.cl\/","name":"Inicio - ACTIVA COMEX","isPartOf":{"@id":"https:\/\/activacomex.cl\/#website"},"datePublished":"2024-06-04T21:22:06+00:00","dateModified":"2024-06-10T16:10:34+00:00","breadcrumb":{"@id":"https:\/\/activacomex.cl\/#breadcrumb"},"inLanguage":"es","potentialAction":[{"@type":"ReadAction","target":["https:\/\/activacomex.cl\/"]}]},{"@type":"BreadcrumbList","@id":"https:\/\/activacomex.cl\/#breadcrumb","itemListElement":[{"@type":"ListItem","position":1,"name":"Portada","item":"https:\/\/activacomex.cl\/"},{"@type":"ListItem","position":2,"name":"Inicio"}]},{"@type":"WebSite","@id":"https:\/\/activacomex.cl\/#website","url":"https:\/\/activacomex.cl\/","name":"ACTIVA COMEX","description":"","publisher":{"@id":"https:\/\/activacomex.cl\/#organization"},"potentialAction":[{"@type":"SearchAction","target":{"@type":"EntryPoint","urlTemplate":"https:\/\/activacomex.cl\/?s={search_term_string}"},"query-input":{"@type":"PropertyValueSpecification","valueRequired":true,"valueName":"search_term_string"}}],"inLanguage":"es"},{"@type":"Organization","@id":"https:\/\/activacomex.cl\/#organization","name":"ACTIVA COMEX","url":"https:\/\/activacomex.cl\/","logo":{"@type":"ImageObject","inLanguage":"es","@id":"https:\/\/activacomex.cl\/#\/schema\/logo\/image\/","url":"https:\/\/activacomex.cl\/wp-content\/uploads\/2024\/06\/activacomex.jpg","contentUrl":"https:\/\/activacomex.cl\/wp-content\/uploads\/2024\/06\/activacomex.jpg","width":253,"height":213,"caption":"ACTIVA COMEX"},"image":{"@id":"https:\/\/activacomex.cl\/#\/schema\/logo\/image\/"}}]}},"_links":{"self":[{"href":"https:\/\/activacomex.cl\/index.php\/wp-json\/wp\/v2\/pages\/2","targetHints":{"allow":["GET"]}}],"collection":[{"href":"https:\/\/activacomex.cl\/index.php\/wp-json\/wp\/v2\/pages"}],"about":[{"href":"https:\/\/activacomex.cl\/index.php\/wp-json\/wp\/v2\/types\/page"}],"author":[{"embeddable":true,"href":"https:\/\/activacomex.cl\/index.php\/wp-json\/wp\/v2\/users\/1"}],"replies":[{"embeddable":true,"href":"https:\/\/activacomex.cl\/index.php\/wp-json\/wp\/v2\/comments?post=2"}],"version-history":[{"count":59,"href":"https:\/\/activacomex.cl\/index.php\/wp-json\/wp\/v2\/pages\/2\/revisions"}],"predecessor-version":[{"id":393,"href":"https:\/\/activacomex.cl\/index.php\/wp-json\/wp\/v2\/pages\/2\/revisions\/393"}],"wp:attachment":[{"href":"https:\/\/activacomex.cl\/index.php\/wp-json\/wp\/v2\/media?parent=2"}],"curies":[{"name":"wp","href":"https:\/\/api.w.org\/{rel}","templated":true}]}}