{"id":3,"date":"2024-06-04T21:22:06","date_gmt":"2024-06-04T21:22:06","guid":{"rendered":"https:\/\/activacomex.cl\/?page_id=3"},"modified":"2025-03-19T14:14:11","modified_gmt":"2025-03-19T14:14:11","slug":"sobre-nosotros","status":"publish","type":"page","link":"https:\/\/activacomex.cl\/index.php\/sobre-nosotros\/","title":{"rendered":"Sobre Nosotros"},"content":{"rendered":"\t\t<div data-elementor-type=\"wp-page\" data-elementor-id=\"3\" class=\"elementor elementor-3\" data-elementor-post-type=\"page\">\n\t\t\t\t<div class=\"elementor-element elementor-element-848ca9d e-flex e-con-boxed elementor-invisible e-con e-parent\" data-id=\"848ca9d\" data-element_type=\"container\" data-settings=\"{&quot;animation&quot;:&quot;zoomIn&quot;}\">\n\t\t\t\t\t<div class=\"e-con-inner\">\n\t\t\t\t<div class=\"elementor-element elementor-element-626f1b4 elementor-widget elementor-widget-text-editor\" data-id=\"626f1b4\" data-element_type=\"widget\" data-widget_type=\"text-editor.default\">\n\t\t\t\t<div class=\"elementor-widget-container\">\n\t\t\t<style>\/*! elementor - v3.21.0 - 26-05-2024 *\/\n.elementor-widget-text-editor.elementor-drop-cap-view-stacked .elementor-drop-cap{background-color:#69727d;color:#fff}.elementor-widget-text-editor.elementor-drop-cap-view-framed .elementor-drop-cap{color:#69727d;border:3px solid;background-color:transparent}.elementor-widget-text-editor:not(.elementor-drop-cap-view-default) .elementor-drop-cap{margin-top:8px}.elementor-widget-text-editor:not(.elementor-drop-cap-view-default) .elementor-drop-cap-letter{width:1em;height:1em}.elementor-widget-text-editor .elementor-drop-cap{float:left;text-align:center;line-height:1;font-size:50px}.elementor-widget-text-editor .elementor-drop-cap-letter{display:inline-block}<\/style>\t\t\t\t<p style=\"text-align: center;\"><span style=\"color: #ffffff;\"><strong>Nuestros valores<\/strong><\/span><\/p><p style=\"text-align: center;\"><span style=\"color: #ffffff;\">\u00a0Compromiso con la excelencia, integridad y servicio al cliente de alta calidad, valores que han sido el fundamento de nuestra empresa desde sus or\u00edgenes.<\/span><\/p>\t\t\t\t\t\t<\/div>\n\t\t\t\t<\/div>\n\t\t\t\t\t<\/div>\n\t\t\t\t<\/div>\n\t\t<div class=\"elementor-element elementor-element-a65da70 e-flex e-con-boxed e-con e-parent\" data-id=\"a65da70\" data-element_type=\"container\">\n\t\t\t\t\t<div class=\"e-con-inner\">\n\t\t<div class=\"elementor-element elementor-element-cdb9b57 e-grid e-con-boxed e-con e-child\" data-id=\"cdb9b57\" data-element_type=\"container\">\n\t\t\t\t\t<div class=\"e-con-inner\">\n\t\t\t\t<div class=\"elementor-element elementor-element-12a2568 elementor-widget elementor-widget-text-editor\" data-id=\"12a2568\" data-element_type=\"widget\" data-widget_type=\"text-editor.default\">\n\t\t\t\t<div class=\"elementor-widget-container\">\n\t\t\t\t\t\t\t<p style=\"text-align: center;\"><strong>Historia de la empresa<\/strong><\/p><p>\u00a0Fundada hace m\u00e1s de quince a\u00f1os, el <strong>Grupo ACTIVA<\/strong> cuenta con una amplia experiencia en exportaciones e importaciones. Activa POP entregando soluciones para los puntos de venta de nuestros clientes, importantes\u00a0 cadenas de supermercados y <em>retail <\/em>en el pa\u00eds, y Activa COMEX, buscando nuevos mercados internacionales, para productos de alta calidad elaborados en Chile.<\/p>\t\t\t\t\t\t<\/div>\n\t\t\t\t<\/div>\n\t\t\t\t<div class=\"elementor-element elementor-element-65e25b7 elementor-widget elementor-widget-text-editor\" data-id=\"65e25b7\" data-element_type=\"widget\" data-widget_type=\"text-editor.default\">\n\t\t\t\t<div class=\"elementor-widget-container\">\n\t\t\t\t\t\t\t<p style=\"text-align: center;\"><strong>Nuestro equipo<\/strong>:<\/p><p>Liderado por Constanza Adriasola, Gerente General y Representante de ACTIVA COMEX en Santiago de Chile; Margarita Vigneaux, nuestra Representante ACTIVA COMEX residente en la Rep\u00fablica Dominicana, para el mercado caribe\u00f1o, y Alfredo Vigneaux, Asesor Especial en <em>trading<\/em>.<\/p><p>Nuestro equipo combina experiencia local e internacional para ofrecer los mejores servicios, experiencia y conocimiento del mercado dominicano.<\/p>\t\t\t\t\t\t<\/div>\n\t\t\t\t<\/div>\n\t\t\t\t\t<\/div>\n\t\t\t\t<\/div>\n\t\t\t\t\t<\/div>\n\t\t\t\t<\/div>\n\t\t<div class=\"elementor-element elementor-element-3e3ca29 e-flex e-con-boxed e-con e-parent\" data-id=\"3e3ca29\" data-element_type=\"container\">\n\t\t\t\t\t<div class=\"e-con-inner\">\n\t\t<div class=\"elementor-element elementor-element-868589b e-flex e-con-boxed e-con e-child\" data-id=\"868589b\" data-element_type=\"container\">\n\t\t\t\t\t<div class=\"e-con-inner\">\n\t\t\t\t<div class=\"elementor-element elementor-element-8c27ccd elementor-widget__width-initial elementor-invisible elementor-widget elementor-widget-text-editor\" data-id=\"8c27ccd\" data-element_type=\"widget\" data-settings=\"{&quot;_animation&quot;:&quot;slideInUp&quot;}\" data-widget_type=\"text-editor.default\">\n\t\t\t\t<div class=\"elementor-widget-container\">\n\t\t\t\t\t\t\t<h2 style=\"text-align: center;\"><span style=\"color: #ffffff;\"><strong>Constanza Adriasola Velasco<\/strong><\/span><\/h2><p>\u00a0<\/p><p style=\"text-align: center;\"><strong>Formaci\u00f3n:<\/strong><\/p><p style=\"text-align: center;\">Licenciada en Comunicaciones y Publicidad 2001, Universidad Diego Portales<\/p><p style=\"text-align: center;\">Master en Direcci\u00f3n de Marketing y Comercial 2008, Universidad Adolfo Ib\u00e1\u00f1ez<\/p><p style=\"text-align: center;\">Curso de Econom\u00eda Circular 2021, UC Berkeley Extensi\u00f3n<\/p><p style=\"text-align: center;\"><strong>Experiencia:<\/strong><\/p><p style=\"text-align: center;\">Due\u00f1a y Gerente General empresa Activa POP 2016-2024<\/p><p style=\"text-align: center;\">Co Founder empresa REBOX embalajes Reutilizables 2023-2024<\/p>\t\t\t\t\t\t<\/div>\n\t\t\t\t<\/div>\n\t\t\t\t\t<\/div>\n\t\t\t\t<\/div>\n\t\t\t\t\t<\/div>\n\t\t\t\t<\/div>\n\t\t<div class=\"elementor-element elementor-element-be636ec e-flex e-con-boxed e-con e-parent\" data-id=\"be636ec\" data-element_type=\"container\">\n\t\t\t\t\t<div class=\"e-con-inner\">\n\t\t<div class=\"elementor-element elementor-element-3c55b04 e-flex e-con-boxed e-con e-child\" data-id=\"3c55b04\" data-element_type=\"container\">\n\t\t\t\t\t<div class=\"e-con-inner\">\n\t\t\t\t<div class=\"elementor-element elementor-element-6ffc23e elementor-invisible elementor-widget elementor-widget-text-editor\" data-id=\"6ffc23e\" data-element_type=\"widget\" data-settings=\"{&quot;_animation&quot;:&quot;slideInUp&quot;}\" data-widget_type=\"text-editor.default\">\n\t\t\t\t<div class=\"elementor-widget-container\">\n\t\t\t\t\t\t\t<h2 style=\"text-align: center;\"><span style=\"color: #ffffff;\"><strong>Alfredo Vigneaux Toro<\/strong><\/span><\/h2><div style=\"text-align: center;\"><span style=\"color: #ffffff;\"><strong>\u00a0<\/strong><\/span><\/div><h2 style=\"text-align: center;\"><strong style=\"font-size: 16px; font-style: inherit; color: #f7f9fe; font-family: var( --e-global-typography-text-font-family ), Sans-serif;\"><em>Special Advisor<\/em><\/strong><span style=\"font-size: 16px; font-style: inherit; font-weight: inherit; color: #f7f9fe; font-family: var( --e-global-typography-text-font-family ), Sans-serif;\"> en trading y asuntos de comercio exterior, quien por m\u00e1s de 20 a\u00f1os ejerci\u00f3 como Gerente General de la empresa Global Logistics SA, especializada en log\u00edstica y distribuci\u00f3n de productos pesqueros. Hoy, due\u00f1o y comercializador de la marca de jurel enlatado, LIDITA<\/span><\/h2>\t\t\t\t\t\t<\/div>\n\t\t\t\t<\/div>\n\t\t\t\t\t<\/div>\n\t\t\t\t<\/div>\n\t\t\t\t\t<\/div>\n\t\t\t\t<\/div>\n\t\t\t\t<\/div>\n\t\t","protected":false},"excerpt":{"rendered":"<p>Nuestros valores \u00a0Compromiso con la excelencia, integridad y servicio al cliente de alta calidad, valores que han sido el fundamento [&hellip;]<\/p>\n","protected":false},"author":1,"featured_media":0,"parent":0,"menu_order":0,"comment_status":"closed","ping_status":"closed","template":"","meta":{"site-sidebar-layout":"no-sidebar","site-content-layout":"","ast-site-content-layout":"full-width-container","site-content-style":"default","site-sidebar-style":"default","ast-global-header-display":"","ast-banner-title-visibility":"","ast-main-header-display":"","ast-hfb-above-header-display":"","ast-hfb-below-header-display":"","ast-hfb-mobile-header-display":"","site-post-title":"disabled","ast-breadcrumbs-content":"","ast-featured-img":"disabled","footer-sml-layout":"","theme-transparent-header-meta":"","adv-header-id-meta":"","stick-header-meta":"","header-above-stick-meta":"","header-main-stick-meta":"","header-below-stick-meta":"","astra-migrate-meta-layouts":"default","ast-page-background-enabled":"default","ast-page-background-meta":{"desktop":{"background-color":"var(--ast-global-color-4)","background-image":"","background-repeat":"repeat","background-position":"center center","background-size":"auto","background-attachment":"scroll","background-type":"","background-media":"","overlay-type":"","overlay-color":"","overlay-opacity":"","overlay-gradient":""},"tablet":{"background-color":"","background-image":"","background-repeat":"repeat","background-position":"center center","background-size":"auto","background-attachment":"scroll","background-type":"","background-media":"","overlay-type":"","overlay-color":"","overlay-opacity":"","overlay-gradient":""},"mobile":{"background-color":"","background-image":"","background-repeat":"repeat","background-position":"center center","background-size":"auto","background-attachment":"scroll","background-type":"","background-media":"","overlay-type":"","overlay-color":"","overlay-opacity":"","overlay-gradient":""}},"ast-content-background-meta":{"desktop":{"background-color":"var(--ast-global-color-5)","background-image":"","background-repeat":"repeat","background-position":"center center","background-size":"auto","background-attachment":"scroll","background-type":"","background-media":"","overlay-type":"","overlay-color":"","overlay-opacity":"","overlay-gradient":""},"tablet":{"background-color":"var(--ast-global-color-5)","background-image":"","background-repeat":"repeat","background-position":"center center","background-size":"auto","background-attachment":"scroll","background-type":"","background-media":"","overlay-type":"","overlay-color":"","overlay-opacity":"","overlay-gradient":""},"mobile":{"background-color":"var(--ast-global-color-5)","background-image":"","background-repeat":"repeat","background-position":"center center","background-size":"auto","background-attachment":"scroll","background-type":"","background-media":"","overlay-type":"","overlay-color":"","overlay-opacity":"","overlay-gradient":""}},"footnotes":""},"class_list":["post-3","page","type-page","status-publish","hentry"],"yoast_head":"<!-- This site is optimized with the Yoast SEO plugin v25.7 - https:\/\/yoast.com\/wordpress\/plugins\/seo\/ -->\n<title>Sobre Nosotros - ACTIVA COMEX<\/title>\n<meta name=\"robots\" content=\"index, follow, max-snippet:-1, max-image-preview:large, max-video-preview:-1\" \/>\n<link rel=\"canonical\" href=\"https:\/\/activacomex.cl\/index.php\/sobre-nosotros\/\" \/>\n<meta property=\"og:locale\" content=\"es_ES\" \/>\n<meta property=\"og:type\" content=\"article\" \/>\n<meta property=\"og:title\" content=\"Sobre Nosotros - ACTIVA COMEX\" \/>\n<meta property=\"og:description\" content=\"Nuestros valores \u00a0Compromiso con la excelencia, integridad y servicio al cliente de alta calidad, valores que han sido el fundamento [&hellip;]\" \/>\n<meta property=\"og:url\" content=\"https:\/\/activacomex.cl\/index.php\/sobre-nosotros\/\" \/>\n<meta property=\"og:site_name\" content=\"ACTIVA COMEX\" \/>\n<meta property=\"article:modified_time\" content=\"2025-03-19T14:14:11+00:00\" \/>\n<meta name=\"twitter:card\" content=\"summary_large_image\" \/>\n<meta name=\"twitter:label1\" content=\"Tiempo de lectura\" \/>\n\t<meta name=\"twitter:data1\" content=\"1 minuto\" \/>\n<script type=\"application\/ld+json\" class=\"yoast-schema-graph\">{\"@context\":\"https:\/\/schema.org\",\"@graph\":[{\"@type\":\"WebPage\",\"@id\":\"https:\/\/activacomex.cl\/index.php\/sobre-nosotros\/\",\"url\":\"https:\/\/activacomex.cl\/index.php\/sobre-nosotros\/\",\"name\":\"Sobre Nosotros - ACTIVA COMEX\",\"isPartOf\":{\"@id\":\"https:\/\/activacomex.cl\/#website\"},\"datePublished\":\"2024-06-04T21:22:06+00:00\",\"dateModified\":\"2025-03-19T14:14:11+00:00\",\"breadcrumb\":{\"@id\":\"https:\/\/activacomex.cl\/index.php\/sobre-nosotros\/#breadcrumb\"},\"inLanguage\":\"es\",\"potentialAction\":[{\"@type\":\"ReadAction\",\"target\":[\"https:\/\/activacomex.cl\/index.php\/sobre-nosotros\/\"]}]},{\"@type\":\"BreadcrumbList\",\"@id\":\"https:\/\/activacomex.cl\/index.php\/sobre-nosotros\/#breadcrumb\",\"itemListElement\":[{\"@type\":\"ListItem\",\"position\":1,\"name\":\"Portada\",\"item\":\"https:\/\/activacomex.cl\/\"},{\"@type\":\"ListItem\",\"position\":2,\"name\":\"Sobre Nosotros\"}]},{\"@type\":\"WebSite\",\"@id\":\"https:\/\/activacomex.cl\/#website\",\"url\":\"https:\/\/activacomex.cl\/\",\"name\":\"ACTIVA COMEX\",\"description\":\"\",\"publisher\":{\"@id\":\"https:\/\/activacomex.cl\/#organization\"},\"potentialAction\":[{\"@type\":\"SearchAction\",\"target\":{\"@type\":\"EntryPoint\",\"urlTemplate\":\"https:\/\/activacomex.cl\/?s={search_term_string}\"},\"query-input\":{\"@type\":\"PropertyValueSpecification\",\"valueRequired\":true,\"valueName\":\"search_term_string\"}}],\"inLanguage\":\"es\"},{\"@type\":\"Organization\",\"@id\":\"https:\/\/activacomex.cl\/#organization\",\"name\":\"ACTIVA COMEX\",\"url\":\"https:\/\/activacomex.cl\/\",\"logo\":{\"@type\":\"ImageObject\",\"inLanguage\":\"es\",\"@id\":\"https:\/\/activacomex.cl\/#\/schema\/logo\/image\/\",\"url\":\"https:\/\/activacomex.cl\/wp-content\/uploads\/2024\/06\/activacomex.jpg\",\"contentUrl\":\"https:\/\/activacomex.cl\/wp-content\/uploads\/2024\/06\/activacomex.jpg\",\"width\":253,\"height\":213,\"caption\":\"ACTIVA COMEX\"},\"image\":{\"@id\":\"https:\/\/activacomex.cl\/#\/schema\/logo\/image\/\"}}]}<\/script>\n<!-- \/ Yoast SEO plugin. -->","yoast_head_json":{"title":"Sobre Nosotros - ACTIVA COMEX","robots":{"index":"index","follow":"follow","max-snippet":"max-snippet:-1","max-image-preview":"max-image-preview:large","max-video-preview":"max-video-preview:-1"},"canonical":"https:\/\/activacomex.cl\/index.php\/sobre-nosotros\/","og_locale":"es_ES","og_type":"article","og_title":"Sobre Nosotros - ACTIVA COMEX","og_description":"Nuestros valores \u00a0Compromiso con la excelencia, integridad y servicio al cliente de alta calidad, valores que han sido el fundamento [&hellip;]","og_url":"https:\/\/activacomex.cl\/index.php\/sobre-nosotros\/","og_site_name":"ACTIVA COMEX","article_modified_time":"2025-03-19T14:14:11+00:00","twitter_card":"summary_large_image","twitter_misc":{"Tiempo de lectura":"1 minuto"},"schema":{"@context":"https:\/\/schema.org","@graph":[{"@type":"WebPage","@id":"https:\/\/activacomex.cl\/index.php\/sobre-nosotros\/","url":"https:\/\/activacomex.cl\/index.php\/sobre-nosotros\/","name":"Sobre Nosotros - ACTIVA COMEX","isPartOf":{"@id":"https:\/\/activacomex.cl\/#website"},"datePublished":"2024-06-04T21:22:06+00:00","dateModified":"2025-03-19T14:14:11+00:00","breadcrumb":{"@id":"https:\/\/activacomex.cl\/index.php\/sobre-nosotros\/#breadcrumb"},"inLanguage":"es","potentialAction":[{"@type":"ReadAction","target":["https:\/\/activacomex.cl\/index.php\/sobre-nosotros\/"]}]},{"@type":"BreadcrumbList","@id":"https:\/\/activacomex.cl\/index.php\/sobre-nosotros\/#breadcrumb","itemListElement":[{"@type":"ListItem","position":1,"name":"Portada","item":"https:\/\/activacomex.cl\/"},{"@type":"ListItem","position":2,"name":"Sobre Nosotros"}]},{"@type":"WebSite","@id":"https:\/\/activacomex.cl\/#website","url":"https:\/\/activacomex.cl\/","name":"ACTIVA COMEX","description":"","publisher":{"@id":"https:\/\/activacomex.cl\/#organization"},"potentialAction":[{"@type":"SearchAction","target":{"@type":"EntryPoint","urlTemplate":"https:\/\/activacomex.cl\/?s={search_term_string}"},"query-input":{"@type":"PropertyValueSpecification","valueRequired":true,"valueName":"search_term_string"}}],"inLanguage":"es"},{"@type":"Organization","@id":"https:\/\/activacomex.cl\/#organization","name":"ACTIVA COMEX","url":"https:\/\/activacomex.cl\/","logo":{"@type":"ImageObject","inLanguage":"es","@id":"https:\/\/activacomex.cl\/#\/schema\/logo\/image\/","url":"https:\/\/activacomex.cl\/wp-content\/uploads\/2024\/06\/activacomex.jpg","contentUrl":"https:\/\/activacomex.cl\/wp-content\/uploads\/2024\/06\/activacomex.jpg","width":253,"height":213,"caption":"ACTIVA COMEX"},"image":{"@id":"https:\/\/activacomex.cl\/#\/schema\/logo\/image\/"}}]}},"_links":{"self":[{"href":"https:\/\/activacomex.cl\/index.php\/wp-json\/wp\/v2\/pages\/3","targetHints":{"allow":["GET"]}}],"collection":[{"href":"https:\/\/activacomex.cl\/index.php\/wp-json\/wp\/v2\/pages"}],"about":[{"href":"https:\/\/activacomex.cl\/index.php\/wp-json\/wp\/v2\/types\/page"}],"author":[{"embeddable":true,"href":"https:\/\/activacomex.cl\/index.php\/wp-json\/wp\/v2\/users\/1"}],"replies":[{"embeddable":true,"href":"https:\/\/activacomex.cl\/index.php\/wp-json\/wp\/v2\/comments?post=3"}],"version-history":[{"count":43,"href":"https:\/\/activacomex.cl\/index.php\/wp-json\/wp\/v2\/pages\/3\/revisions"}],"predecessor-version":[{"id":487,"href":"https:\/\/activacomex.cl\/index.php\/wp-json\/wp\/v2\/pages\/3\/revisions\/487"}],"wp:attachment":[{"href":"https:\/\/activacomex.cl\/index.php\/wp-json\/wp\/v2\/media?parent=3"}],"curies":[{"name":"wp","href":"https:\/\/api.w.org\/{rel}","templated":true}]}}